{"id":376,"date":"2024-07-04T12:19:33","date_gmt":"2024-07-04T11:19:33","guid":{"rendered":"https:\/\/cannapharmaciaclub.com\/?page_id=376"},"modified":"2024-07-10T09:53:22","modified_gmt":"2024-07-10T08:53:22","slug":"blog","status":"publish","type":"page","link":"https:\/\/cannapharmaciaclub.com\/es\/blog\/","title":{"rendered":"Blog"},"content":{"rendered":"<div data-elementor-type=\"wp-page\" data-elementor-id=\"376\" class=\"elementor elementor-376\" data-elementor-post-type=\"page\">\n\t\t\t\t<div class=\"elementor-element elementor-element-bdc8790 e-flex e-con-boxed e-con e-parent\" data-id=\"bdc8790\" data-element_type=\"container\" data-settings=\"{&quot;background_background&quot;:&quot;classic&quot;}\">\n\t\t\t\t\t<div class=\"e-con-inner\">\n\t\t\t\t<div class=\"elementor-element elementor-element-1161f70 elementor-widget elementor-widget-heading\" data-id=\"1161f70\" data-element_type=\"widget\" data-widget_type=\"heading.default\">\n\t\t\t\t<div class=\"elementor-widget-container\">\n\t\t\t\t\t<h2 class=\"elementor-heading-title elementor-size-default\">CANNA PHARMACIA<\/h2>\t\t\t\t<\/div>\n\t\t\t\t<\/div>\n\t\t\t\t<div class=\"elementor-element elementor-element-3e87a32 elementor-widget elementor-widget-heading\" data-id=\"3e87a32\" data-element_type=\"widget\" data-widget_type=\"heading.default\">\n\t\t\t\t<div class=\"elementor-widget-container\">\n\t\t\t\t\t<h2 class=\"elementor-heading-title elementor-size-default\">BLOG<\/h2>\t\t\t\t<\/div>\n\t\t\t\t<\/div>\n\t\t\t\t\t<\/div>\n\t\t\t\t<\/div>\n\t\t<div class=\"elementor-element elementor-element-68bb9f6 e-flex e-con-boxed e-con e-parent\" data-id=\"68bb9f6\" data-element_type=\"container\">\n\t\t\t\t\t<div class=\"e-con-inner\">\n\t\t\t\t<div class=\"elementor-element elementor-element-597b851 elementor-widget elementor-widget-html\" data-id=\"597b851\" data-element_type=\"widget\" data-widget_type=\"html.default\">\n\t\t\t\t<div class=\"elementor-widget-container\">\n\t\t\t\t\t<style>\n    img{\n        height: 100% !important\n    }\n<\/style>\t\t\t\t<\/div>\n\t\t\t\t<\/div>\n\t\t\t\t<div class=\"elementor-element elementor-element-43b2fe2 elementor-widget elementor-widget-spacer\" data-id=\"43b2fe2\" data-element_type=\"widget\" data-widget_type=\"spacer.default\">\n\t\t\t\t<div class=\"elementor-widget-container\">\n\t\t\t\t\t\t\t<div class=\"elementor-spacer\">\n\t\t\t<div class=\"elementor-spacer-inner\"><\/div>\n\t\t<\/div>\n\t\t\t\t\t\t<\/div>\n\t\t\t\t<\/div>\n\t\t\t\t<div class=\"elementor-element elementor-element-24202cb elementor-grid-3 elementor-grid-tablet-2 elementor-grid-mobile-1 elementor-posts--thumbnail-top elementor-widget elementor-widget-posts\" data-id=\"24202cb\" data-element_type=\"widget\" data-settings=\"{&quot;classic_columns&quot;:&quot;3&quot;,&quot;classic_columns_tablet&quot;:&quot;2&quot;,&quot;classic_columns_mobile&quot;:&quot;1&quot;,&quot;classic_row_gap&quot;:{&quot;unit&quot;:&quot;px&quot;,&quot;size&quot;:35,&quot;sizes&quot;:[]},&quot;classic_row_gap_tablet&quot;:{&quot;unit&quot;:&quot;px&quot;,&quot;size&quot;:&quot;&quot;,&quot;sizes&quot;:[]},&quot;classic_row_gap_mobile&quot;:{&quot;unit&quot;:&quot;px&quot;,&quot;size&quot;:&quot;&quot;,&quot;sizes&quot;:[]}}\" data-widget_type=\"posts.classic\">\n\t\t\t\t<div class=\"elementor-widget-container\">\n\t\t\t\t\t\t\t<div class=\"elementor-posts-container elementor-posts elementor-posts--skin-classic elementor-grid\">\n\t\t\t\t<article class=\"elementor-post elementor-grid-item post-609 post type-post status-publish format-standard hentry category-blog tag-cannabis-en-madrid tag-club-cannabico-madrid tag-consumo-responsable-de-cannabis tag-establecimientos-de-cannabis entry\">\n\t\t\t\t<div class=\"elementor-post__text\">\n\t\t\t\t<h3 class=\"elementor-post__title\">\n\t\t\t<a href=\"https:\/\/cannapharmaciaclub.com\/es\/club-cannabico-en-madrid\/\" >\n\t\t\t\tClub Cannabico en Madrid: Tu Destino para el Cannabis\t\t\t<\/a>\n\t\t<\/h3>\n\t\t\t\t<div class=\"elementor-post__meta-data\">\n\t\t\t\t\t<span class=\"elementor-post-date\">\n\t\t\t17 junio 2025\t\t<\/span>\n\t\t\t\t<span class=\"elementor-post-avatar\">\n\t\t\tNo hay comentarios\t\t<\/span>\n\t\t\t\t<\/div>\n\t\t\t\t<div class=\"elementor-post__excerpt\">\n\t\t\t<p>Madrid se ha consolidado como un destino atractivo para los amantes del cannabis. Los clubes de cannabis en la ciudad ofrecen una experiencia \u00fanica para aquellos que buscan disfrutar del<\/p>\n\t\t<\/div>\n\t\t\n\t\t<a class=\"elementor-post__read-more\" href=\"https:\/\/cannapharmaciaclub.com\/es\/club-cannabico-en-madrid\/\" aria-label=\"Read more about Club Cannabico en Madrid: Tu Destino para el Cannabis\" tabindex=\"-1\" >\n\t\t\tRead More \u00bb\t\t<\/a>\n\n\t\t\t\t<\/div>\n\t\t\t\t<\/article>\n\t\t\t\t<article class=\"elementor-post elementor-grid-item post-466 post type-post status-publish format-standard has-post-thumbnail hentry category-en tag-cannabis-community tag-cannabis-networking tag-madrid-cannabis-culture tag-marijuana-community-hub tag-marijuana-social-club tag-weed-enthusiasts-madrid tag-weed-events tag-weedclub-madrid entry\">\n\t\t\t\t<a class=\"elementor-post__thumbnail__link\" href=\"https:\/\/cannapharmaciaclub.com\/es\/weedclub-madrid\/\" tabindex=\"-1\" >\n\t\t\t<div class=\"elementor-post__thumbnail\"><img fetchpriority=\"high\" decoding=\"async\" width=\"1344\" height=\"768\" src=\"https:\/\/cannapharmaciaclub.com\/wp-content\/uploads\/2024\/07\/weedclub-Madrid.jpg\" class=\"attachment-full size-full wp-image-467\" alt=\"weedclub Madrid\" style=\"width:100%;height:57.14%;max-width:1344px\" srcset=\"https:\/\/cannapharmaciaclub.com\/wp-content\/uploads\/2024\/07\/weedclub-Madrid.jpg 1344w, https:\/\/cannapharmaciaclub.com\/wp-content\/uploads\/2024\/07\/weedclub-Madrid-300x171.jpg 300w, https:\/\/cannapharmaciaclub.com\/wp-content\/uploads\/2024\/07\/weedclub-Madrid-1024x585.jpg 1024w, https:\/\/cannapharmaciaclub.com\/wp-content\/uploads\/2024\/07\/weedclub-Madrid-768x439.jpg 768w, https:\/\/cannapharmaciaclub.com\/wp-content\/uploads\/2024\/07\/weedclub-Madrid-18x10.jpg 18w\" sizes=\"(max-width: 1344px) 100vw, 1344px\" \/><\/div>\n\t\t<\/a>\n\t\t\t\t<div class=\"elementor-post__text\">\n\t\t\t\t<h3 class=\"elementor-post__title\">\n\t\t\t<a href=\"https:\/\/cannapharmaciaclub.com\/es\/weedclub-madrid\/\" >\n\t\t\t\tWeedClub Madrid: Tu Comunidad Cann\u00e1bica\t\t\t<\/a>\n\t\t<\/h3>\n\t\t\t\t<div class=\"elementor-post__meta-data\">\n\t\t\t\t\t<span class=\"elementor-post-date\">\n\t\t\t19 julio 2024\t\t<\/span>\n\t\t\t\t<span class=\"elementor-post-avatar\">\n\t\t\tNo hay comentarios\t\t<\/span>\n\t\t\t\t<\/div>\n\t\t\t\t<div class=\"elementor-post__excerpt\">\n\t\t\t<p>Welcome to WeedClub Madrid, the heart of the cannabis scene in Spain\u2019s capital. It\u2019s a place where people come together to dive into Madrid\u2019s growing marijuana culture. Whether you\u2019re an<\/p>\n\t\t<\/div>\n\t\t\n\t\t<a class=\"elementor-post__read-more\" href=\"https:\/\/cannapharmaciaclub.com\/es\/weedclub-madrid\/\" aria-label=\"Leer m\u00e1s sobre WeedClub Madrid: Tu centro de la comunidad cann\u00e1bica\" tabindex=\"-1\" >\n\t\t\tRead More \u00bb\t\t<\/a>\n\n\t\t\t\t<\/div>\n\t\t\t\t<\/article>\n\t\t\t\t<article class=\"elementor-post elementor-grid-item post-432 post type-post status-publish format-standard has-post-thumbnail hentry category-en tag-cannabis-and-muscle-maintenance tag-cannabis-for-muscle-recovery tag-post-workout-recovery-with-cannabis entry\">\n\t\t\t\t<a class=\"elementor-post__thumbnail__link\" href=\"https:\/\/cannapharmaciaclub.com\/es\/post-entrenamiento-y-mantenimiento-muscular-con-cannabis\/\" tabindex=\"-1\" >\n\t\t\t<div class=\"elementor-post__thumbnail\"><img decoding=\"async\" width=\"1344\" height=\"768\" src=\"https:\/\/cannapharmaciaclub.com\/wp-content\/uploads\/2024\/07\/Post-Workout-And-Muscle-Maintenance-With-Cannabis.jpg\" class=\"attachment-full size-full wp-image-433\" alt=\"Post-Entrenamiento y Mantenimiento Muscular con Cannabis\" style=\"width:100%;height:57.14%;max-width:1344px\" srcset=\"https:\/\/cannapharmaciaclub.com\/wp-content\/uploads\/2024\/07\/Post-Workout-And-Muscle-Maintenance-With-Cannabis.jpg 1344w, https:\/\/cannapharmaciaclub.com\/wp-content\/uploads\/2024\/07\/Post-Workout-And-Muscle-Maintenance-With-Cannabis-300x171.jpg 300w, https:\/\/cannapharmaciaclub.com\/wp-content\/uploads\/2024\/07\/Post-Workout-And-Muscle-Maintenance-With-Cannabis-1024x585.jpg 1024w, https:\/\/cannapharmaciaclub.com\/wp-content\/uploads\/2024\/07\/Post-Workout-And-Muscle-Maintenance-With-Cannabis-768x439.jpg 768w, https:\/\/cannapharmaciaclub.com\/wp-content\/uploads\/2024\/07\/Post-Workout-And-Muscle-Maintenance-With-Cannabis-18x10.jpg 18w\" sizes=\"(max-width: 1344px) 100vw, 1344px\" \/><\/div>\n\t\t<\/a>\n\t\t\t\t<div class=\"elementor-post__text\">\n\t\t\t\t<h3 class=\"elementor-post__title\">\n\t\t\t<a href=\"https:\/\/cannapharmaciaclub.com\/es\/post-entrenamiento-y-mantenimiento-muscular-con-cannabis\/\" >\n\t\t\t\tCannabis para el mantenimiento muscular despu\u00e9s del entrenamiento\t\t\t<\/a>\n\t\t<\/h3>\n\t\t\t\t<div class=\"elementor-post__meta-data\">\n\t\t\t\t\t<span class=\"elementor-post-date\">\n\t\t\t11 julio 2024\t\t<\/span>\n\t\t\t\t<span class=\"elementor-post-avatar\">\n\t\t\tNo hay comentarios\t\t<\/span>\n\t\t\t\t<\/div>\n\t\t\t\t<div class=\"elementor-post__excerpt\">\n\t\t\t<p>Athletes and fitness lovers always aim to go further in their training. They know how key muscle recovery is. Lately, using cannabis for muscle care after workouts has caught people\u2019s<\/p>\n\t\t<\/div>\n\t\t\n\t\t<a class=\"elementor-post__read-more\" href=\"https:\/\/cannapharmaciaclub.com\/es\/post-entrenamiento-y-mantenimiento-muscular-con-cannabis\/\" aria-label=\"Leer m\u00e1s sobre Cannabis para el mantenimiento muscular post-entrenamiento\" tabindex=\"-1\" >\n\t\t\tRead More \u00bb\t\t<\/a>\n\n\t\t\t\t<\/div>\n\t\t\t\t<\/article>\n\t\t\t\t<article class=\"elementor-post elementor-grid-item post-421 post type-post status-publish format-standard has-post-thumbnail hentry category-spanish tag-asociacion-cannabica tag-club-cannabico-en-madrid tag-cultura-del-cannabis entry\">\n\t\t\t\t<a class=\"elementor-post__thumbnail__link\" href=\"https:\/\/cannapharmaciaclub.com\/es\/asociacion-cannabica-en-madrid\/\" tabindex=\"-1\" >\n\t\t\t<div class=\"elementor-post__thumbnail\"><img decoding=\"async\" width=\"1344\" height=\"768\" src=\"https:\/\/cannapharmaciaclub.com\/wp-content\/uploads\/2024\/07\/Asociacion-Cannabica-en-Madrid.jpg\" class=\"attachment-full size-full wp-image-422\" alt=\"Asociaci\u00f3n Cann\u00e1bica en Madrid\" style=\"width:100%;height:57.14%;max-width:1344px\" srcset=\"https:\/\/cannapharmaciaclub.com\/wp-content\/uploads\/2024\/07\/Asociacion-Cannabica-en-Madrid.jpg 1344w, https:\/\/cannapharmaciaclub.com\/wp-content\/uploads\/2024\/07\/Asociacion-Cannabica-en-Madrid-300x171.jpg 300w, https:\/\/cannapharmaciaclub.com\/wp-content\/uploads\/2024\/07\/Asociacion-Cannabica-en-Madrid-1024x585.jpg 1024w, https:\/\/cannapharmaciaclub.com\/wp-content\/uploads\/2024\/07\/Asociacion-Cannabica-en-Madrid-768x439.jpg 768w, https:\/\/cannapharmaciaclub.com\/wp-content\/uploads\/2024\/07\/Asociacion-Cannabica-en-Madrid-18x10.jpg 18w\" sizes=\"(max-width: 1344px) 100vw, 1344px\" \/><\/div>\n\t\t<\/a>\n\t\t\t\t<div class=\"elementor-post__text\">\n\t\t\t\t<h3 class=\"elementor-post__title\">\n\t\t\t<a href=\"https:\/\/cannapharmaciaclub.com\/es\/asociacion-cannabica-en-madrid\/\" >\n\t\t\t\tAsociaci\u00f3n Cann\u00e1bica en Madrid\t\t\t<\/a>\n\t\t<\/h3>\n\t\t\t\t<div class=\"elementor-post__meta-data\">\n\t\t\t\t\t<span class=\"elementor-post-date\">\n\t\t\t10 julio 2024\t\t<\/span>\n\t\t\t\t<span class=\"elementor-post-avatar\">\n\t\t\tNo hay comentarios\t\t<\/span>\n\t\t\t\t<\/div>\n\t\t\t\t<div class=\"elementor-post__excerpt\">\n\t\t\t<p>La Asociaci\u00f3n Cann\u00e1bica en Madrid es un lugar seguro y acogedor para los amantes del cannabis. Reg\u00edstrate ahora Fue creada para fomentar una comunidad que valora y defiende el uso<\/p>\n\t\t<\/div>\n\t\t\n\t\t<a class=\"elementor-post__read-more\" href=\"https:\/\/cannapharmaciaclub.com\/es\/asociacion-cannabica-en-madrid\/\" aria-label=\"Leer m\u00e1s sobre Asociaci\u00f3n Cann\u00e1bica en Madrid\" tabindex=\"-1\" >\n\t\t\tRead More \u00bb\t\t<\/a>\n\n\t\t\t\t<\/div>\n\t\t\t\t<\/article>\n\t\t\t\t<article class=\"elementor-post elementor-grid-item post-415 post type-post status-publish format-standard has-post-thumbnail hentry category-spanish tag-como-consumir-thc tag-efectos-del-thc tag-guia-completa-thc tag-thc-beneficios entry\">\n\t\t\t\t<a class=\"elementor-post__thumbnail__link\" href=\"https:\/\/cannapharmaciaclub.com\/es\/todo-sobre-thc\/\" tabindex=\"-1\" >\n\t\t\t<div class=\"elementor-post__thumbnail\"><img loading=\"lazy\" decoding=\"async\" width=\"1344\" height=\"768\" src=\"https:\/\/cannapharmaciaclub.com\/wp-content\/uploads\/2024\/07\/Tudo-sobre-THC.jpg\" class=\"attachment-full size-full wp-image-416\" alt=\"Todo sobre el THC\" style=\"width:100%;height:57.14%;max-width:1344px\" srcset=\"https:\/\/cannapharmaciaclub.com\/wp-content\/uploads\/2024\/07\/Tudo-sobre-THC.jpg 1344w, https:\/\/cannapharmaciaclub.com\/wp-content\/uploads\/2024\/07\/Tudo-sobre-THC-300x171.jpg 300w, https:\/\/cannapharmaciaclub.com\/wp-content\/uploads\/2024\/07\/Tudo-sobre-THC-1024x585.jpg 1024w, https:\/\/cannapharmaciaclub.com\/wp-content\/uploads\/2024\/07\/Tudo-sobre-THC-768x439.jpg 768w, https:\/\/cannapharmaciaclub.com\/wp-content\/uploads\/2024\/07\/Tudo-sobre-THC-18x10.jpg 18w\" sizes=\"(max-width: 1344px) 100vw, 1344px\" \/><\/div>\n\t\t<\/a>\n\t\t\t\t<div class=\"elementor-post__text\">\n\t\t\t\t<h3 class=\"elementor-post__title\">\n\t\t\t<a href=\"https:\/\/cannapharmaciaclub.com\/es\/todo-sobre-thc\/\" >\n\t\t\t\tTudo sobre THC: Gu\u00eda completa y amigable\t\t\t<\/a>\n\t\t<\/h3>\n\t\t\t\t<div class=\"elementor-post__meta-data\">\n\t\t\t\t\t<span class=\"elementor-post-date\">\n\t\t\t8 julio 2024\t\t<\/span>\n\t\t\t\t<span class=\"elementor-post-avatar\">\n\t\t\tNo hay comentarios\t\t<\/span>\n\t\t\t\t<\/div>\n\t\t\t\t<div class=\"elementor-post__excerpt\">\n\t\t\t<p>Bienvenidos a esta gu\u00eda sobre el THC, la sustancia psicoactiva principal de la cannabis. Aqu\u00ed aprender\u00e1s sobre lo que es el THC, sus efectos y beneficios. Tambi\u00e9n veremos c\u00f3mo se<\/p>\n\t\t<\/div>\n\t\t\n\t\t<a class=\"elementor-post__read-more\" href=\"https:\/\/cannapharmaciaclub.com\/es\/todo-sobre-thc\/\" aria-label=\"Leer m\u00e1s sobre Tudo sobre THC: Gu\u00eda completa y amigable\" tabindex=\"-1\" >\n\t\t\tRead More \u00bb\t\t<\/a>\n\n\t\t\t\t<\/div>\n\t\t\t\t<\/article>\n\t\t\t\t<article class=\"elementor-post elementor-grid-item post-392 post type-post status-publish format-standard has-post-thumbnail hentry category-blog category-en entry\">\n\t\t\t\t<a class=\"elementor-post__thumbnail__link\" href=\"https:\/\/cannapharmaciaclub.com\/es\/weed-club-madrid\/\" tabindex=\"-1\" >\n\t\t\t<div class=\"elementor-post__thumbnail\"><img loading=\"lazy\" decoding=\"async\" width=\"1344\" height=\"768\" src=\"https:\/\/cannapharmaciaclub.com\/wp-content\/uploads\/2024\/07\/weed-club-madrid.jpg\" class=\"attachment-full size-full wp-image-393\" alt=\"weed club madrid\" style=\"width:100%;height:57.14%;max-width:1344px\" srcset=\"https:\/\/cannapharmaciaclub.com\/wp-content\/uploads\/2024\/07\/weed-club-madrid.jpg 1344w, https:\/\/cannapharmaciaclub.com\/wp-content\/uploads\/2024\/07\/weed-club-madrid-300x171.jpg 300w, https:\/\/cannapharmaciaclub.com\/wp-content\/uploads\/2024\/07\/weed-club-madrid-1024x585.jpg 1024w, https:\/\/cannapharmaciaclub.com\/wp-content\/uploads\/2024\/07\/weed-club-madrid-768x439.jpg 768w, https:\/\/cannapharmaciaclub.com\/wp-content\/uploads\/2024\/07\/weed-club-madrid-18x10.jpg 18w\" sizes=\"(max-width: 1344px) 100vw, 1344px\" \/><\/div>\n\t\t<\/a>\n\t\t\t\t<div class=\"elementor-post__text\">\n\t\t\t\t<h3 class=\"elementor-post__title\">\n\t\t\t<a href=\"https:\/\/cannapharmaciaclub.com\/es\/weed-club-madrid\/\" >\n\t\t\t\tWeed Club Madrid: Tu Comunidad Cann\u00e1bica\t\t\t<\/a>\n\t\t<\/h3>\n\t\t\t\t<div class=\"elementor-post__meta-data\">\n\t\t\t\t\t<span class=\"elementor-post-date\">\n\t\t\t5 julio 2024\t\t<\/span>\n\t\t\t\t<span class=\"elementor-post-avatar\">\n\t\t\tNo hay comentarios\t\t<\/span>\n\t\t\t\t<\/div>\n\t\t\t\t<div class=\"elementor-post__excerpt\">\n\t\t\t<p>Welcome to Weed Club Madrid, the heart of the Spanish cannabis scene. It was started by locals who love cannabis. Our club is a place for everyone, whether you\u2019re new<\/p>\n\t\t<\/div>\n\t\t\n\t\t<a class=\"elementor-post__read-more\" href=\"https:\/\/cannapharmaciaclub.com\/es\/weed-club-madrid\/\" aria-label=\"Leer m\u00e1s sobre Weed Club Madrid: Tu Comunidad Cann\u00e1bica\" tabindex=\"-1\" >\n\t\t\tRead More \u00bb\t\t<\/a>\n\n\t\t\t\t<\/div>\n\t\t\t\t<\/article>\n\t\t\t\t<\/div>\n\t\t\n\t\t\t\t\t\t<\/div>\n\t\t\t\t<\/div>\n\t\t\t\t\t<\/div>\n\t\t\t\t<\/div>\n\t\t\t\t<\/div>","protected":false},"excerpt":{"rendered":"<p>CANNA PHARMACIA BLOG<\/p>","protected":false},"author":1,"featured_media":0,"parent":0,"menu_order":0,"comment_status":"closed","ping_status":"closed","template":"elementor_header_footer","meta":{"footnotes":""},"class_list":["post-376","page","type-page","status-publish","hentry","entry"],"yoast_head":"<!-- This site is optimized with the Yoast SEO plugin v23.0 - https:\/\/yoast.com\/wordpress\/plugins\/seo\/ -->\n<title>[ Canna Pharmacia Club Madrid ] Weed Club Madrid - blog<\/title>\n<meta name=\"description\" content=\"Here you can find all you need to know abou weed clubs in Madrid. Click and check out how to become a member in a Cannabis Club in Madrid\" \/>\n<meta name=\"robots\" content=\"index, follow, max-snippet:-1, max-image-preview:large, max-video-preview:-1\" \/>\n<link rel=\"canonical\" href=\"https:\/\/cannapharmaciaclub.com\/es\/blog\/\" \/>\n<meta property=\"og:locale\" content=\"es_ES\" \/>\n<meta property=\"og:type\" content=\"article\" \/>\n<meta property=\"og:title\" content=\"[ Canna Pharmacia Club Madrid ] Weed Club Madrid - blog\" \/>\n<meta property=\"og:description\" content=\"Here you can find all you need to know abou weed clubs in Madrid. Click and check out how to become a member in a Cannabis Club in Madrid\" \/>\n<meta property=\"og:url\" content=\"https:\/\/cannapharmaciaclub.com\/es\/blog\/\" \/>\n<meta property=\"og:site_name\" content=\"cannapharmaciaclub.com\" \/>\n<meta property=\"article:modified_time\" content=\"2024-07-10T08:53:22+00:00\" \/>\n<meta name=\"twitter:card\" content=\"summary_large_image\" \/>\n<meta name=\"twitter:label1\" content=\"Tiempo de lectura\" \/>\n\t<meta name=\"twitter:data1\" content=\"3 minutos\" \/>\n<script type=\"application\/ld+json\" class=\"yoast-schema-graph\">{\"@context\":\"https:\/\/schema.org\",\"@graph\":[{\"@type\":\"WebPage\",\"@id\":\"https:\/\/cannapharmaciaclub.com\/blog\/\",\"url\":\"https:\/\/cannapharmaciaclub.com\/blog\/\",\"name\":\"[ Canna Pharmacia Club Madrid ] Weed Club Madrid - blog\",\"isPartOf\":{\"@id\":\"https:\/\/cannapharmaciaclub.com\/#website\"},\"datePublished\":\"2024-07-04T11:19:33+00:00\",\"dateModified\":\"2024-07-10T08:53:22+00:00\",\"description\":\"Here you can find all you need to know abou weed clubs in Madrid. Click and check out how to become a member in a Cannabis Club in Madrid\",\"breadcrumb\":{\"@id\":\"https:\/\/cannapharmaciaclub.com\/blog\/#breadcrumb\"},\"inLanguage\":\"es\",\"potentialAction\":[{\"@type\":\"ReadAction\",\"target\":[\"https:\/\/cannapharmaciaclub.com\/blog\/\"]}]},{\"@type\":\"BreadcrumbList\",\"@id\":\"https:\/\/cannapharmaciaclub.com\/blog\/#breadcrumb\",\"itemListElement\":[{\"@type\":\"ListItem\",\"position\":1,\"name\":\"Home\",\"item\":\"https:\/\/cannapharmaciaclub.com\/\"},{\"@type\":\"ListItem\",\"position\":2,\"name\":\"Blog\"}]},{\"@type\":\"WebSite\",\"@id\":\"https:\/\/cannapharmaciaclub.com\/#website\",\"url\":\"https:\/\/cannapharmaciaclub.com\/\",\"name\":\"cannapharmaciaclub.com\",\"description\":\"\",\"potentialAction\":[{\"@type\":\"SearchAction\",\"target\":{\"@type\":\"EntryPoint\",\"urlTemplate\":\"https:\/\/cannapharmaciaclub.com\/?s={search_term_string}\"},\"query-input\":\"required name=search_term_string\"}],\"inLanguage\":\"es\"}]}<\/script>\n<!-- \/ Yoast SEO plugin. -->","yoast_head_json":{"title":"[ Canna Pharmacia Club Madrid ] Weed Club Madrid - blog","description":"Here you can find all you need to know abou weed clubs in Madrid. Click and check out how to become a member in a Cannabis Club in Madrid","robots":{"index":"index","follow":"follow","max-snippet":"max-snippet:-1","max-image-preview":"max-image-preview:large","max-video-preview":"max-video-preview:-1"},"canonical":"https:\/\/cannapharmaciaclub.com\/es\/blog\/","og_locale":"es_ES","og_type":"article","og_title":"[ Canna Pharmacia Club Madrid ] Weed Club Madrid - blog","og_description":"Here you can find all you need to know abou weed clubs in Madrid. Click and check out how to become a member in a Cannabis Club in Madrid","og_url":"https:\/\/cannapharmaciaclub.com\/es\/blog\/","og_site_name":"cannapharmaciaclub.com","article_modified_time":"2024-07-10T08:53:22+00:00","twitter_card":"summary_large_image","twitter_misc":{"Tiempo de lectura":"3 minutos"},"schema":{"@context":"https:\/\/schema.org","@graph":[{"@type":"WebPage","@id":"https:\/\/cannapharmaciaclub.com\/blog\/","url":"https:\/\/cannapharmaciaclub.com\/blog\/","name":"[ Canna Pharmacia Club Madrid ] Weed Club Madrid - blog","isPartOf":{"@id":"https:\/\/cannapharmaciaclub.com\/#website"},"datePublished":"2024-07-04T11:19:33+00:00","dateModified":"2024-07-10T08:53:22+00:00","description":"Here you can find all you need to know abou weed clubs in Madrid. Click and check out how to become a member in a Cannabis Club in Madrid","breadcrumb":{"@id":"https:\/\/cannapharmaciaclub.com\/blog\/#breadcrumb"},"inLanguage":"es","potentialAction":[{"@type":"ReadAction","target":["https:\/\/cannapharmaciaclub.com\/blog\/"]}]},{"@type":"BreadcrumbList","@id":"https:\/\/cannapharmaciaclub.com\/blog\/#breadcrumb","itemListElement":[{"@type":"ListItem","position":1,"name":"Home","item":"https:\/\/cannapharmaciaclub.com\/"},{"@type":"ListItem","position":2,"name":"Blog"}]},{"@type":"WebSite","@id":"https:\/\/cannapharmaciaclub.com\/#website","url":"https:\/\/cannapharmaciaclub.com\/","name":"cannapharmaciaclub.com","description":"","potentialAction":[{"@type":"SearchAction","target":{"@type":"EntryPoint","urlTemplate":"https:\/\/cannapharmaciaclub.com\/?s={search_term_string}"},"query-input":"required name=search_term_string"}],"inLanguage":"es"}]}},"_links":{"self":[{"href":"https:\/\/cannapharmaciaclub.com\/es\/wp-json\/wp\/v2\/pages\/376","targetHints":{"allow":["GET"]}}],"collection":[{"href":"https:\/\/cannapharmaciaclub.com\/es\/wp-json\/wp\/v2\/pages"}],"about":[{"href":"https:\/\/cannapharmaciaclub.com\/es\/wp-json\/wp\/v2\/types\/page"}],"author":[{"embeddable":true,"href":"https:\/\/cannapharmaciaclub.com\/es\/wp-json\/wp\/v2\/users\/1"}],"replies":[{"embeddable":true,"href":"https:\/\/cannapharmaciaclub.com\/es\/wp-json\/wp\/v2\/comments?post=376"}],"version-history":[{"count":19,"href":"https:\/\/cannapharmaciaclub.com\/es\/wp-json\/wp\/v2\/pages\/376\/revisions"}],"predecessor-version":[{"id":431,"href":"https:\/\/cannapharmaciaclub.com\/es\/wp-json\/wp\/v2\/pages\/376\/revisions\/431"}],"wp:attachment":[{"href":"https:\/\/cannapharmaciaclub.com\/es\/wp-json\/wp\/v2\/media?parent=376"}],"curies":[{"name":"wp","href":"https:\/\/api.w.org\/{rel}","templated":true}]}}